{"id":10325,"date":"2023-05-01T05:05:05","date_gmt":"2023-05-01T10:05:05","guid":{"rendered":"https:\/\/b69da323dcec8ec9ba89d924e413072cnew-es\/?page_id=10325"},"modified":"2024-10-07T02:24:12","modified_gmt":"2024-10-07T07:24:12","slug":"carreras","status":"publish","type":"page","link":"https:\/\/www.smartfactorymom.com\/es\/carreras\/","title":{"rendered":"Carreras"},"content":{"rendered":"\t\t<div data-elementor-type=\"wp-page\" data-elementor-id=\"10325\" class=\"elementor elementor-10325\" data-elementor-post-type=\"page\">\n\t\t\t\t\t\t<section class=\"elementor-section elementor-top-section elementor-element elementor-element-2103dd5 elementor-section-full_width elementor-section-height-default elementor-section-height-default\" data-id=\"2103dd5\" data-element_type=\"section\" data-e-type=\"section\">\n\t\t\t\t\t\t<div class=\"elementor-container elementor-column-gap-default\">\n\t\t\t\t\t<div class=\"elementor-column elementor-col-100 elementor-top-column elementor-element elementor-element-15a5b0e\" data-id=\"15a5b0e\" data-element_type=\"column\" data-e-type=\"column\">\n\t\t\t<div class=\"elementor-widget-wrap\">\n\t\t\t\t\t\t\t<\/div>\n\t\t<\/div>\n\t\t\t\t\t<\/div>\n\t\t<\/section>\n\t\t\t\t<section class=\"elementor-section elementor-top-section elementor-element elementor-element-e1b1a97 elementor-section-boxed elementor-section-height-default elementor-section-height-default\" data-id=\"e1b1a97\" data-element_type=\"section\" data-e-type=\"section\" data-settings=\"{&quot;background_background&quot;:&quot;classic&quot;}\">\n\t\t\t\t\t\t\t<div class=\"elementor-background-overlay\"><\/div>\n\t\t\t\t\t\t\t<div class=\"elementor-container elementor-column-gap-default\">\n\t\t\t\t\t<div class=\"elementor-column elementor-col-100 elementor-top-column elementor-element elementor-element-2a2db19\" data-id=\"2a2db19\" data-element_type=\"column\" data-e-type=\"column\">\n\t\t\t<div class=\"elementor-widget-wrap elementor-element-populated\">\n\t\t\t\t\t\t<div class=\"elementor-element elementor-element-5b2b232 elementor-widget elementor-widget-heading\" data-id=\"5b2b232\" data-element_type=\"widget\" data-e-type=\"widget\" data-widget_type=\"heading.default\">\n\t\t\t\t\t<h1 class=\"elementor-heading-title elementor-size-default\">Bolsa de Trabajo\n<\/h1>\t\t\t\t<\/div>\n\t\t\t\t\t<\/div>\n\t\t<\/div>\n\t\t\t\t\t<\/div>\n\t\t<\/section>\n\t\t\t\t<section class=\"elementor-section elementor-top-section elementor-element elementor-element-788861b brochure-block elementor-section-boxed elementor-section-height-default elementor-section-height-default\" data-id=\"788861b\" data-element_type=\"section\" data-e-type=\"section\" data-settings=\"{&quot;background_background&quot;:&quot;classic&quot;}\">\n\t\t\t\t\t\t<div class=\"elementor-container elementor-column-gap-default\">\n\t\t\t\t\t<div class=\"elementor-column elementor-col-100 elementor-top-column elementor-element elementor-element-7250649\" data-id=\"7250649\" data-element_type=\"column\" data-e-type=\"column\">\n\t\t\t<div class=\"elementor-widget-wrap elementor-element-populated\">\n\t\t\t\t\t\t<div class=\"elementor-element elementor-element-3fd9880 elementor-widget elementor-widget-heading\" data-id=\"3fd9880\" data-element_type=\"widget\" data-e-type=\"widget\" data-widget_type=\"heading.default\">\n\t\t\t\t\t<h2 class=\"elementor-heading-title elementor-size-default\">Posiciones Abiertas\n<\/h2>\t\t\t\t<\/div>\n\t\t\t\t<div class=\"elementor-element elementor-element-5b7494c elementor-widget elementor-widget-image\" data-id=\"5b7494c\" data-element_type=\"widget\" data-e-type=\"widget\" data-widget_type=\"image.default\">\n\t\t\t\t\t\t\t\t\t\t\t\t\t\t\t<img decoding=\"async\" width=\"141\" height=\"2\" src=\"https:\/\/www.smartfactorymom.com\/es\/wp-content\/uploads\/sites\/10\/2024\/03\/dash.png\" class=\"attachment-large size-large wp-image-11303\" alt=\"Dash\" \/>\t\t\t\t\t\t\t\t\t\t\t\t\t\t\t<\/div>\n\t\t\t\t<div class=\"elementor-element elementor-element-2defe6a elementor-widget elementor-widget-text-editor\" data-id=\"2defe6a\" data-element_type=\"widget\" data-e-type=\"widget\" data-widget_type=\"text-editor.default\">\n\t\t\t\t\t\t\t\t\tSiempre estamos buscando personas extraordinarias con talento que puedan ayudarnos a nosotros y a nuestros clientes a impulsar el \u00e9xito. \u00danase a nuestro equipo de r\u00e1pido crecimiento, esp\u00edritu innovador y cultura muy unida. Env\u00ede su curr\u00edculum para ser considerado para nuestras vacantes actuales o futuras.\t\t\t\t\t\t\t\t<\/div>\n\t\t\t\t<section class=\"elementor-section elementor-inner-section elementor-element elementor-element-3b52899 s-facts  elementor-section-boxed elementor-section-height-default elementor-section-height-default\" data-id=\"3b52899\" data-element_type=\"section\" data-e-type=\"section\">\n\t\t\t\t\t\t<div class=\"elementor-container elementor-column-gap-default\">\n\t\t\t\t\t<div class=\"elementor-column elementor-col-100 elementor-inner-column elementor-element elementor-element-de6f928\" data-id=\"de6f928\" data-element_type=\"column\" data-e-type=\"column\" data-settings=\"{&quot;background_background&quot;:&quot;classic&quot;}\">\n\t\t\t<div class=\"elementor-widget-wrap elementor-element-populated\">\n\t\t\t\t\t\t<div class=\"elementor-element elementor-element-b12389e career-form elementor-widget elementor-widget-shortcode\" data-id=\"b12389e\" data-element_type=\"widget\" data-e-type=\"widget\" data-widget_type=\"shortcode.default\">\n\t\t\t\t\t\t\t<div class=\"elementor-shortcode\">\n<div class=\"wpcf7 no-js\" id=\"wpcf7-f10328-o1\" lang=\"en-US\" dir=\"ltr\" data-wpcf7-id=\"10328\">\n<div class=\"screen-reader-response\"><p role=\"status\" aria-live=\"polite\" aria-atomic=\"true\"><\/p> <ul><\/ul><\/div>\n<form action=\"\/es\/wp-json\/wp\/v2\/pages\/10325#wpcf7-f10328-o1\" method=\"post\" class=\"wpcf7-form init\" aria-label=\"Contact form\" enctype=\"multipart\/form-data\" novalidate=\"novalidate\" data-status=\"init\">\n<fieldset class=\"hidden-fields-container\"><input type=\"hidden\" name=\"_wpcf7\" value=\"10328\" \/><input type=\"hidden\" name=\"_wpcf7_version\" value=\"6.1.5\" \/><input type=\"hidden\" name=\"_wpcf7_locale\" value=\"en_US\" \/><input type=\"hidden\" name=\"_wpcf7_unit_tag\" value=\"wpcf7-f10328-o1\" \/><input type=\"hidden\" name=\"_wpcf7_container_post\" value=\"0\" \/><input type=\"hidden\" name=\"_wpcf7_posted_data_hash\" value=\"\" \/><input type=\"hidden\" name=\"_wpcf7_recaptcha_response\" value=\"\" \/>\n<\/fieldset>\n<div class=\"main-form contact-form\">\n\t<div class=\"form-field field50\">\n\t\t<p><span class=\"wpcf7-form-control-wrap\" data-name=\"Name\"><input size=\"40\" maxlength=\"400\" class=\"wpcf7-form-control wpcf7-text wpcf7-validates-as-required\" aria-required=\"true\" aria-invalid=\"false\" placeholder=\"Nombre completo\" value=\"\" type=\"text\" name=\"Name\" \/><\/span>\n\t\t<\/p>\n\t<\/div>\n\t<div class=\"form-field field50\">\n\t\t<p><span class=\"wpcf7-form-control-wrap\" data-name=\"yemail\"><input size=\"40\" maxlength=\"400\" class=\"wpcf7-form-control wpcf7-email wpcf7-validates-as-required wpcf7-text wpcf7-validates-as-email\" aria-required=\"true\" aria-invalid=\"false\" placeholder=\"Correo electr\u00f3nico\" value=\"\" type=\"email\" name=\"yemail\" \/><\/span>\n\t\t<\/p>\n\t<\/div>\n\t<div class=\"form-field field50\">\n\t\t<p><span class=\"wpcf7-form-control-wrap\" data-name=\"numberp\"><input size=\"40\" class=\"wpcf7-form-control wpcf7-phonetext wpcf7-validates-as-required wpcf7-text wpcf7-validates-as-phonetext\" data-numberonly=\"true\" aria-required=\"true\" aria-invalid=\"false\" placeholder=\"N\u00famero telef\u00f3nico\" value=\"\" type=\"text\" name=\"numberp\" \/><input type=\"hidden\" name=\"numberp-country-code\" class=\"wpcf7-phonetext-country-code\" \/><\/span>\n\t\t<\/p>\n\t<\/div>\n\t<div class=\"form-field field50\">\n\t\t<p><span class=\"wpcf7-form-control-wrap\" data-name=\"Experience\"><select class=\"wpcf7-form-control wpcf7-select wpcf7-validates-as-required\" aria-required=\"true\" aria-invalid=\"false\" name=\"Experience\"><option value=\"A\u00f1os de experiencia\">A\u00f1os de experiencia<\/option><option value=\"0-1\">0-1<\/option><option value=\"1-3\">1-3<\/option><option value=\"3-5\">3-5<\/option><option value=\"5+\">5+<\/option><\/select><\/span>\n\t\t<\/p>\n\t<\/div>\n\t<div class=\"form-field field50\">\n\t\t<p><span class=\"wpcf7-form-control-wrap\" data-name=\"PositionApplyingFor\"><select class=\"wpcf7-form-control wpcf7-select wpcf7-validates-as-required\" aria-required=\"true\" aria-invalid=\"false\" name=\"PositionApplyingFor\"><option value=\"Posici\u00f3n a la que aplica\">Posici\u00f3n a la que aplica<\/option><option value=\"Contabilidad\/ Ventas Ejecutivas\">Contabilidad\/ Ventas Ejecutivas<\/option><option value=\"Preventas\/ Consultor de Soluciones\">Preventas\/ Consultor de Soluciones<\/option><option value=\"Consultor de Implementaci\u00f3n\">Consultor de Implementaci\u00f3n<\/option><option value=\"Mercadotecnia - Escritor de contenido\">Mercadotecnia - Escritor de contenido<\/option><option value=\"Posici\u00f3n no mostrada\">Posici\u00f3n no mostrada<\/option><\/select><\/span>\n\t\t<\/p>\n\t<\/div>\n\t<div class=\"form-field field50\">\n\t\t<p><span class=\"wpcf7-form-control-wrap\" data-name=\"filee\"><input size=\"40\" class=\"wpcf7-form-control wpcf7-file\" accept=\"audio\/*,video\/*,image\/*\" aria-invalid=\"false\" type=\"file\" name=\"filee\" \/><\/span>\n\t\t<\/p>\n\t<\/div>\n\t<div class=\"form-field field100\">\n\t\t<p><span class=\"wpcf7-form-control-wrap\" data-name=\"ymessage\"><textarea cols=\"40\" rows=\"10\" maxlength=\"2000\" class=\"wpcf7-form-control wpcf7-textarea wpcf7-validates-as-required\" aria-required=\"true\" aria-invalid=\"false\" placeholder=\"Presentaci\u00f3n\" name=\"ymessage\"><\/textarea><\/span>\n\t\t<\/p>\n\t<\/div>\n\t<div class=\"form-submit\">\n\t\t<p><input class=\"wpcf7-form-control wpcf7-submit has-spinner\" type=\"submit\" value=\"APLICAR AHORA\" \/>\n\t\t<\/p>\n\t<\/div>\n<\/div><p style=\"display: none !important;\" class=\"akismet-fields-container\" data-prefix=\"_wpcf7_ak_\"><label>&#916;<textarea name=\"_wpcf7_ak_hp_textarea\" cols=\"45\" rows=\"8\" maxlength=\"100\"><\/textarea><\/label><input type=\"hidden\" id=\"ak_js_1\" name=\"_wpcf7_ak_js\" value=\"111\"\/><script>document.getElementById( \"ak_js_1\" ).setAttribute( \"value\", ( new Date() ).getTime() );<\/script><\/p><div class=\"wpcf7-response-output\" aria-hidden=\"true\"><\/div>\n<\/form>\n<\/div>\n<\/div>\n\t\t\t\t\t\t<\/div>\n\t\t\t\t\t<\/div>\n\t\t<\/div>\n\t\t\t\t\t<\/div>\n\t\t<\/section>\n\t\t\t\t\t<\/div>\n\t\t<\/div>\n\t\t\t\t\t<\/div>\n\t\t<\/section>\n\t\t\t\t<\/div>\n\t\t","protected":false},"excerpt":{"rendered":"<p>Bolsa de Trabajo Posiciones Abiertas Siempre estamos buscando personas extraordinarias con talento que puedan ayudarnos a nosotros y a nuestros clientes a impulsar el \u00e9xito. \u00danase a nuestro equipo de r\u00e1pido crecimiento, esp\u00edritu innovador y cultura muy unida. Env\u00ede su curr\u00edculum para ser considerado para nuestras vacantes actuales o futuras.<\/p>\n","protected":false},"author":7,"featured_media":0,"parent":0,"menu_order":0,"comment_status":"closed","ping_status":"closed","template":"elementor_header_footer","meta":{"_acf_changed":false,"footnotes":""},"class_list":["post-10325","page","type-page","status-publish","hentry"],"acf":[],"yoast_head":"<!-- This site is optimized with the Yoast SEO plugin v27.0 - https:\/\/yoast.com\/product\/yoast-seo-wordpress\/ -->\n<title>Carreras - Smart Factory ES<\/title>\n<meta name=\"description\" content=\"Descubre oportunidades de carrera emocionantes en Smart Factory. Encuentra informaci\u00f3n sobre roles laborales, requisitos y c\u00f3mo iniciar una carrera en la industria manufacturera moderna.\" \/>\n<meta name=\"robots\" content=\"index, follow, max-snippet:-1, max-image-preview:large, max-video-preview:-1\" \/>\n<link rel=\"canonical\" href=\"https:\/\/www.smartfactorymom.com\/es\/carreras\/\" \/>\n<meta property=\"og:locale\" content=\"es_ES\" \/>\n<meta property=\"og:type\" content=\"article\" \/>\n<meta property=\"og:title\" content=\"Carreras - Smart Factory ES\" \/>\n<meta property=\"og:description\" content=\"Descubre oportunidades de carrera emocionantes en Smart Factory. Encuentra informaci\u00f3n sobre roles laborales, requisitos y c\u00f3mo iniciar una carrera en la industria manufacturera moderna.\" \/>\n<meta property=\"og:url\" content=\"https:\/\/www.smartfactorymom.com\/es\/carreras\/\" \/>\n<meta property=\"og:site_name\" content=\"Smart Factory ES\" \/>\n<meta property=\"article:modified_time\" content=\"2024-10-07T07:24:12+00:00\" \/>\n<meta property=\"og:image\" content=\"https:\/\/www.smartfactorymom.com\/es\/wp-content\/uploads\/sites\/10\/2024\/03\/dash.png\" \/>\n<meta name=\"twitter:card\" content=\"summary_large_image\" \/>\n<meta name=\"twitter:label1\" content=\"Est. reading time\" \/>\n\t<meta name=\"twitter:data1\" content=\"1 minute\" \/>\n<!-- \/ Yoast SEO plugin. -->","yoast_head_json":{"title":"Carreras - Smart Factory ES","description":"Descubre oportunidades de carrera emocionantes en Smart Factory. Encuentra informaci\u00f3n sobre roles laborales, requisitos y c\u00f3mo iniciar una carrera en la industria manufacturera moderna.","robots":{"index":"index","follow":"follow","max-snippet":"max-snippet:-1","max-image-preview":"max-image-preview:large","max-video-preview":"max-video-preview:-1"},"canonical":"https:\/\/www.smartfactorymom.com\/es\/carreras\/","og_locale":"es_ES","og_type":"article","og_title":"Carreras - Smart Factory ES","og_description":"Descubre oportunidades de carrera emocionantes en Smart Factory. Encuentra informaci\u00f3n sobre roles laborales, requisitos y c\u00f3mo iniciar una carrera en la industria manufacturera moderna.","og_url":"https:\/\/www.smartfactorymom.com\/es\/carreras\/","og_site_name":"Smart Factory ES","article_modified_time":"2024-10-07T07:24:12+00:00","og_image":[{"url":"https:\/\/www.smartfactorymom.com\/es\/wp-content\/uploads\/sites\/10\/2024\/03\/dash.png","type":"","width":"","height":""}],"twitter_card":"summary_large_image","twitter_misc":{"Est. reading time":"1 minute"},"schema":{"@context":"https:\/\/schema.org","@graph":[{"@type":"WebPage","@id":"https:\/\/www.smartfactorymom.com\/es\/carreras\/","url":"https:\/\/www.smartfactorymom.com\/es\/carreras\/","name":"Carreras - Smart Factory ES","isPartOf":{"@id":"https:\/\/www.smartfactorymom.com\/es\/#website"},"primaryImageOfPage":{"@id":"https:\/\/www.smartfactorymom.com\/es\/carreras\/#primaryimage"},"image":{"@id":"https:\/\/www.smartfactorymom.com\/es\/carreras\/#primaryimage"},"thumbnailUrl":"https:\/\/www.smartfactorymom.com\/es\/wp-content\/uploads\/sites\/10\/2024\/03\/dash.png","datePublished":"2023-05-01T10:05:05+00:00","dateModified":"2024-10-07T07:24:12+00:00","description":"Descubre oportunidades de carrera emocionantes en Smart Factory. Encuentra informaci\u00f3n sobre roles laborales, requisitos y c\u00f3mo iniciar una carrera en la industria manufacturera moderna.","breadcrumb":{"@id":"https:\/\/www.smartfactorymom.com\/es\/carreras\/#breadcrumb"},"inLanguage":"es","potentialAction":[{"@type":"ReadAction","target":["https:\/\/www.smartfactorymom.com\/es\/carreras\/"]}]},{"@type":"ImageObject","inLanguage":"es","@id":"https:\/\/www.smartfactorymom.com\/es\/carreras\/#primaryimage","url":"https:\/\/www.smartfactorymom.com\/es\/wp-content\/uploads\/sites\/10\/2024\/03\/dash.png","contentUrl":"https:\/\/www.smartfactorymom.com\/es\/wp-content\/uploads\/sites\/10\/2024\/03\/dash.png","width":141,"height":2,"caption":"Dash"},{"@type":"BreadcrumbList","@id":"https:\/\/www.smartfactorymom.com\/es\/carreras\/#breadcrumb","itemListElement":[{"@type":"ListItem","position":1,"name":"Home","item":"https:\/\/www.smartfactorymom.com\/es\/"},{"@type":"ListItem","position":2,"name":"Carreras"}]},{"@type":"WebSite","@id":"https:\/\/www.smartfactorymom.com\/es\/#website","url":"https:\/\/www.smartfactorymom.com\/es\/","name":"Smart Factory ES","description":"soluciones que transforman","potentialAction":[{"@type":"SearchAction","target":{"@type":"EntryPoint","urlTemplate":"https:\/\/www.smartfactorymom.com\/es\/?s={search_term_string}"},"query-input":{"@type":"PropertyValueSpecification","valueRequired":true,"valueName":"search_term_string"}}],"inLanguage":"es"}]}},"_links":{"self":[{"href":"https:\/\/www.smartfactorymom.com\/es\/wp-json\/wp\/v2\/pages\/10325","targetHints":{"allow":["GET"]}}],"collection":[{"href":"https:\/\/www.smartfactorymom.com\/es\/wp-json\/wp\/v2\/pages"}],"about":[{"href":"https:\/\/www.smartfactorymom.com\/es\/wp-json\/wp\/v2\/types\/page"}],"author":[{"embeddable":true,"href":"https:\/\/www.smartfactorymom.com\/es\/wp-json\/wp\/v2\/users\/7"}],"replies":[{"embeddable":true,"href":"https:\/\/www.smartfactorymom.com\/es\/wp-json\/wp\/v2\/comments?post=10325"}],"version-history":[{"count":0,"href":"https:\/\/www.smartfactorymom.com\/es\/wp-json\/wp\/v2\/pages\/10325\/revisions"}],"wp:attachment":[{"href":"https:\/\/www.smartfactorymom.com\/es\/wp-json\/wp\/v2\/media?parent=10325"}],"curies":[{"name":"wp","href":"https:\/\/api.w.org\/{rel}","templated":true}]}}