{"id":13681,"date":"2025-10-23T23:32:40","date_gmt":"2025-10-24T04:32:40","guid":{"rendered":"https:\/\/smartfactorym.wpenginepowered.com\/es\/?page_id=13681"},"modified":"2025-10-27T06:11:54","modified_gmt":"2025-10-27T11:11:54","slug":"modulo-de-notificaciones","status":"publish","type":"page","link":"https:\/\/www.smartfactorymom.com\/es\/folletos\/modulo-de-notificaciones\/","title":{"rendered":"Notifications and Analytics"},"content":{"rendered":"\t\t<div data-elementor-type=\"wp-page\" data-elementor-id=\"13681\" class=\"elementor elementor-13681\" data-elementor-post-type=\"page\">\n\t\t\t\t\t\t<section class=\"elementor-section elementor-top-section elementor-element elementor-element-d1311d6 elementor-section-full_width elementor-section-height-default elementor-section-height-default\" data-id=\"d1311d6\" data-element_type=\"section\" data-e-type=\"section\">\n\t\t\t\t\t\t<div class=\"elementor-container elementor-column-gap-default\">\n\t\t\t\t\t<div class=\"elementor-column elementor-col-100 elementor-top-column elementor-element elementor-element-3168210\" data-id=\"3168210\" data-element_type=\"column\" data-e-type=\"column\">\n\t\t\t<div class=\"elementor-widget-wrap\">\n\t\t\t\t\t\t\t<\/div>\n\t\t<\/div>\n\t\t\t\t\t<\/div>\n\t\t<\/section>\n\t\t\t\t<section class=\"elementor-section elementor-top-section elementor-element elementor-element-63f5e6c elementor-section-boxed elementor-section-height-default elementor-section-height-default\" data-id=\"63f5e6c\" data-element_type=\"section\" data-e-type=\"section\" data-settings=\"{&quot;background_background&quot;:&quot;classic&quot;}\">\n\t\t\t\t\t\t\t<div class=\"elementor-background-overlay\"><\/div>\n\t\t\t\t\t\t\t<div class=\"elementor-container elementor-column-gap-default\">\n\t\t\t\t\t<div class=\"elementor-column elementor-col-100 elementor-top-column elementor-element elementor-element-c837093\" data-id=\"c837093\" data-element_type=\"column\" data-e-type=\"column\">\n\t\t\t<div class=\"elementor-widget-wrap elementor-element-populated\">\n\t\t\t\t\t\t<div class=\"elementor-element elementor-element-a444d21 elementor-widget elementor-widget-heading\" data-id=\"a444d21\" data-element_type=\"widget\" data-e-type=\"widget\" data-widget_type=\"heading.default\">\n\t\t\t\t\t<h1 class=\"elementor-heading-title elementor-size-default\">Aumente la eficiencia de la producci\u00f3n con an\u00e1lisis y notificaciones en tiempo real<\/h1>\t\t\t\t<\/div>\n\t\t\t\t\t<\/div>\n\t\t<\/div>\n\t\t\t\t\t<\/div>\n\t\t<\/section>\n\t\t\t\t<section class=\"elementor-section elementor-top-section elementor-element elementor-element-a9248c2 elementor-section-boxed elementor-section-height-default elementor-section-height-default\" data-id=\"a9248c2\" data-element_type=\"section\" data-e-type=\"section\">\n\t\t\t\t\t\t<div class=\"elementor-container elementor-column-gap-default\">\n\t\t\t\t\t<div class=\"elementor-column elementor-col-50 elementor-top-column elementor-element elementor-element-91d50a4\" data-id=\"91d50a4\" data-element_type=\"column\" data-e-type=\"column\">\n\t\t\t<div class=\"elementor-widget-wrap elementor-element-populated\">\n\t\t\t\t\t\t<div class=\"elementor-element elementor-element-160b685 elementor-widget elementor-widget-heading\" data-id=\"160b685\" data-element_type=\"widget\" data-e-type=\"widget\" data-widget_type=\"heading.default\">\n\t\t\t\t\t<h3 class=\"elementor-heading-title elementor-size-default\">\u00bfPor qu\u00e9 descargar este folleto?<\/h3>\t\t\t\t<\/div>\n\t\t\t\t<div class=\"elementor-element elementor-element-0108830 elementor-align-start facts-list elementor-icon-list--layout-traditional elementor-list-item-link-full_width elementor-widget elementor-widget-icon-list\" data-id=\"0108830\" data-element_type=\"widget\" data-e-type=\"widget\" data-widget_type=\"icon-list.default\">\n\t\t\t\t\t\t\t<ul class=\"elementor-icon-list-items\">\n\t\t\t\t\t\t\t<li class=\"elementor-icon-list-item\">\n\t\t\t\t\t\t\t\t\t\t\t<span class=\"elementor-icon-list-icon\">\n\t\t\t\t\t\t\t<i aria-hidden=\"true\" class=\"fas fa-circle\"><\/i>\t\t\t\t\t\t<\/span>\n\t\t\t\t\t\t\t\t\t\t<span class=\"elementor-icon-list-text\">Ahorra Dinero en Tiempos de Inactividad de Producci\u00f3n: La ausencia de notificaciones puede generar p\u00e9rdidas de miles de d\u00f3lares debido a fallos en las m\u00e1quinas o falta de inventario. Este m\u00f3dulo te garantiza recibir alertas cr\u00edticas sobre estos eventos, permiti\u00e9ndote actuar r\u00e1pidamente antes de que peque\u00f1os problemas se conviertan en grandes fallos.<\/span>\n\t\t\t\t\t\t\t\t\t<\/li>\n\t\t\t\t\t\t\t\t<li class=\"elementor-icon-list-item\">\n\t\t\t\t\t\t\t\t\t\t\t<span class=\"elementor-icon-list-icon\">\n\t\t\t\t\t\t\t<i aria-hidden=\"true\" class=\"fas fa-circle\"><\/i>\t\t\t\t\t\t<\/span>\n\t\t\t\t\t\t\t\t\t\t<span class=\"elementor-icon-list-text\">Deja de Perder Dinero \u2013 Evita el Tiempo de Inactividad Antes de que Suceda:Las notificaciones pueden recibirse en cualquier dispositivo y a trav\u00e9s de plataformas populares como WhatsApp, TEAMS, Google Chat y SMS. Ya sea en la f\u00e1brica, en casa o dondequiera que tengas acceso a internet, la informaci\u00f3n llegar\u00e1 de inmediato a tus manos.<\/span>\n\t\t\t\t\t\t\t\t\t<\/li>\n\t\t\t\t\t\t\t\t<li class=\"elementor-icon-list-item\">\n\t\t\t\t\t\t\t\t\t\t\t<span class=\"elementor-icon-list-icon\">\n\t\t\t\t\t\t\t<i aria-hidden=\"true\" class=\"fas fa-circle\"><\/i>\t\t\t\t\t\t<\/span>\n\t\t\t\t\t\t\t\t\t\t<span class=\"elementor-icon-list-text\">Mant\u00e9n el Control \u2013 Recibe Actualizaciones Instant\u00e1neas en Todo Momento: No solo recibir\u00e1s alertas, sino tambi\u00e9n an\u00e1lisis de datos hist\u00f3ricos que te permitir\u00e1n prever tendencias, optimizar el mantenimiento y mejorar la eficiencia operativa. Los mejores fabricantes han logrado reducir tiempos de inactividad no planificados utilizando datos en tiempo real y an\u00e1lisis predictivo.<\/span>\n\t\t\t\t\t\t\t\t\t<\/li>\n\t\t\t\t\t\t<\/ul>\n\t\t\t\t\t\t<\/div>\n\t\t\t\t\t<\/div>\n\t\t<\/div>\n\t\t\t\t<div class=\"elementor-column elementor-col-50 elementor-top-column elementor-element elementor-element-39c2545 demo-form\" data-id=\"39c2545\" data-element_type=\"column\" data-e-type=\"column\">\n\t\t\t<div class=\"elementor-widget-wrap elementor-element-populated\">\n\t\t\t\t\t\t<div class=\"elementor-element elementor-element-bf5b190 zohoform-design elementor-widget elementor-widget-html\" data-id=\"bf5b190\" data-element_type=\"widget\" data-e-type=\"widget\" id=\"zoho-crm-es\" data-widget_type=\"html.default\">\n\t\t\t\t\t<div class=\"download-form-container\">\r\n    <div class=\"download-form\">\r\n        <div class=\"form-header\">\r\n            <p class=\"form-title\">Descargar ahora<\/p>\r\n        <\/div>\r\n      \r\n        <div class=\"form-body\">\r\n            <!-- Preserved Zoho Form Structure -->\r\n            <div id='crmWebToEntityForm' class='zcwf_lblLeft crmWebToEntityForm' style='background-color: transparent; color: black; max-width: 100%;'>\r\n                <meta name='viewport' content='width=device-width, initial-scale=1.0'>\r\n                <META HTTP-EQUIV='content-type' CONTENT='text\/html;charset=UTF-8'>\r\n                <form id='webform6716446000011037171' action='https:\/\/crm.zoho.com\/crm\/WebToLeadForm' name='WebToLeads6716446000011037171' method='POST' onSubmit='javascript:document.charset=\"UTF-8\"; return checkMandatory6716446000011037171()' accept-charset='UTF-8'>\r\n                    <input type='text' style='display:none;' name='xnQsjsdp' value='bf4ab5bf16c5e0d3a06d11ac712d536f5a3c6dee7fb2c5cefe8886645492e8d7'><\/input>\r\n                    <input type='hidden' name='zc_gad' id='zc_gad' value=''><\/input>\r\n                    <input type='text' style='display:none;' name='xmIwtLD' value='5ee1472ec02f052939a8c304b84fb028ef4e206f5ff5c64d95be93086ba4c1bcc6553bd1e20bb507fec33a01d89ea144'><\/input>\r\n                    <input type='text' style='display:none;' name='actionType' value='TGVhZHM='><\/input>\r\n                    <input type='text' style='display:none;' name='returnURL' value='https&#x3a;&#x2f;&#x2f;www.smartfactorymom.com&#x2f;es&#x2f;gracias-folletos-notificaciones&#x2f;'><\/input>\r\n                    <!-- Minimal Zoho Styles - Removed Unwanted Rules -->\r\n                    <style>\r\n                        #crmWebToEntityForm * { box-sizing: border-box; direction: ltr; }\r\n                        #crmWebToEntityForm { text-align: left; }\r\n                        .zcwf_lblLeft .zcwf_col_fld input[type=text], .zcwf_lblLeft .zcwf_col_fld input[type=email], .zcwf_lblLeft .zcwf_col_fld input[type=tel], .zcwf_lblLeft .zcwf_col_fld textarea { width: 100%; border: 1px solid #c0c6cc !important; resize: vertical; border-radius: 0; padding: 12px 15px; font-size: 15px; float: none; }\r\n                        .zcwf_lblLeft .zcwf_col_fld select { width: 100%; border: 1px solid #ccc; background: #fff; border-radius: 0; font-size: 15px; float: none; padding: 12px 15px; }\r\n                        .zcwf_lblLeft .zcwf_row { margin: 20px 0; }\r\n                        .zcwf_lblLeft .zcwf_col_lab { display: none; }\r\n                        .zcwf_lblLeft .wfrm_fld_dpNn { display: none; }\r\n                        .zcwf_lblLeft .zcwf_row:after, .zcwf_lblLeft .zcwf_col_fld:after { content: ''; display: table; clear: both; }\r\n                        @media (max-width: 600px) { .zcwf_lblLeft .zcwf_col_lab, .zcwf_lblLeft .zcwf_col_fld { width: auto; float: none !important; } }\r\n                    <\/style>\r\n                    <div class='zcwf_title' style='display: none;'><\/div> <!-- Hidden original title -->\r\n                    <div class='zcwf_row'>\r\n                        <div class='zcwf_col_fld'>\r\n                            <input type='text' id='Last_Name' aria-required='true' aria-label='Last Name' name='Last Name' aria-valuemax='80' maxlength='80' placeholder=\"Nombre*\" required>\r\n                        <\/div>\r\n                    <\/div>\r\n                    <div class='zcwf_row'>\r\n                        <div class='zcwf_col_fld'>\r\n                            <input type='email' ftype='email' autocomplete='false' id='Email' aria-required='true' aria-label='Email' name='Email' aria-valuemax='100' crmlabel='' maxlength='100' placeholder=\"Correo Electr\u00f3nico*\" required>\r\n                        <\/div>\r\n                    <\/div>\r\n                    <div class='zcwf_row'>\r\n                        <div class='zcwf_col_fld'>\r\n                            <input type='tel' id='Phone' aria-required='true' aria-label='Phone' name='Phone' aria-valuemax='30' maxlength='30' placeholder=\"Tel\u00e9fono*\" required>\r\n                        <\/div>\r\n                    <\/div>\r\n                    <div class='zcwf_row'>\r\n                        <div class='zcwf_col_fld'>\r\n                            <input type='text' id='Company' aria-required='false' aria-label='Company' name='Company' aria-valuemax='200' maxlength='200' placeholder=\"Compa\u00f1\u00eda (opcional)\">\r\n                        <\/div>\r\n                    <\/div>\r\n                    <input type='text' type='hidden' style='display: none;' name='aG9uZXlwb3Q' value=''\/>\r\n                    <div class='zcwf_row'>\r\n                        <div class='zcwf_col_fld'>\r\n                            <input type='submit' id='formsubmit' class='formsubmit' value='DESCARGAR' aria-label='Submit' title='Submit' style='width: 100%; background: #1d114f; color: white; border: none; border-radius: 6px; padding: 14px; font-size: 16px; font-weight: 600; cursor: pointer; transition: background 0.3s;'>\r\n                            <input type='reset' class='zcwf_button' role='button' name='reset' value='Reset' aria-label='Reset' title='Reset' style='display: none;'>\r\n                        <\/div>\r\n                    <\/div>\r\n                    <script>\r\n                        function addAriaSelected6716446000011037171 (){ var optionElem = event.target; var previousSelectedOption = optionElem.querySelector('[aria-selected=true]'); if(previousSelectedOption){ previousSelectedOption.removeAttribute('aria-selected'); } optionElem.querySelectorAll('option')[optionElem.selectedIndex].ariaSelected = 'true'; }\r\n                        function validateEmail6716446000011037171 (){ var form = document.forms['WebToLeads6716446000011037171']; var emailFld = form.querySelectorAll('[ftype=email]'); var i; for(i = 0; i < emailFld.length; i++){ var emailVal = emailFld[i].value; if((emailVal.replace(\/^\\s+|\\s+$\/g,'')).length != 0 ){ var atpos = emailVal.indexOf('@'); var dotpos = emailVal.lastIndexOf('.'); if(atpos < 1 || dotpos < atpos + 2 || dotpos + 2 >= emailVal.length ){ alert('Please enter a valid email address. '); emailFld[i].focus(); return false; } } } return true; }\r\n                        function checkMandatory6716446000011037171 (){ var mndFileds = new Array('Last Name','Email','Phone'); var fldLangVal = new Array('Nombre','Correo Electr\u00f3nico','Tel\u00e9fono'); for(i = 0; i < mndFileds.length; i++){ var fieldObj = document.forms['WebToLeads6716446000011037171'][mndFileds[i]]; if(fieldObj){ if(((fieldObj.value).replace(\/^\\s+|\\s+$\/g,'')).length == 0 ){ if(fieldObj.type == 'file'){ alert('Please select a file to upload.'); fieldObj.focus(); return false; } alert(fldLangVal[i] + ' cannot be empty.'); fieldObj.focus(); return false; } else if(fieldObj.nodeName == 'SELECT'){ if(fieldObj.options[fieldObj.selectedIndex].value == '-None-'){ alert(fldLangVal[i] + ' cannot be none.'); fieldObj.focus(); return false; } } else if(fieldObj.type == 'checkbox'){ if(fieldObj.checked == false){ alert('Please accept  ' + fldLangVal[i]); fieldObj.focus(); return false; } } try{ if(fieldObj.name == 'Last Name'){ name = fieldObj.value; } } catch(e){} } } if(!validateEmail6716446000011037171()){ return false; } var urlparams = new URLSearchParams(window.location.search); if(urlparams.has('service') && (urlparams.get('service') === 'smarturl')){ var webform = document.getElementById('webform6716446000011037171'); var service = urlparams.get('service'); var smarturlfield = document.createElement('input'); smarturlfield.setAttribute('type','hidden'); smarturlfield.setAttribute('value',service); smarturlfield.setAttribute('name','service'); webform.appendChild(smarturlfield); } document.querySelector('.crmWebToEntityForm .formsubmit').setAttribute('disabled',true); }\r\n                        function tooltipShow6716446000011037171(el){ var tooltip = el.nextElementSibling; var tooltipDisplay = tooltip.style.display; if(tooltipDisplay == 'none'){ var allTooltip = document.getElementsByClassName('zcwf_tooltip_over'); for(i = 0; i < allTooltip.length; i++){ allTooltip[i].style.display = 'none'; } tooltip.style.display = 'block'; } else { tooltip.style.display = 'none'; } }\r\n                        \/\/ Button hover and disable styles\r\n                        const submitBtn = document.getElementById('formsubmit');\r\n                        submitBtn.addEventListener('mouseover', function() { if(!this.disabled) this.style.background = '#2a1a5f'; });\r\n                        submitBtn.addEventListener('mouseout', function() { if(!this.disabled) this.style.background = '#1d114f'; });\r\n                    <\/script>\r\n                    <!-- Do not remove this --- Analytics Tracking code starts -->\r\n                    <script id='wf_anal' src='https:\/\/crm.zohopublic.com\/crm\/WebFormAnalyticsServeServlet?rid=3214ff8d1687d77ad8e68eeb4740a288fddf6175aeae1b02be82d4408b45c2c26e1f2ea2b24ea00ba0e3804b188179d9gide9502fc41110adbd5c5ec3d22e46e5e17bdb61929ff67b5c0e46cb39e81c99ffgid73b5fd71a25bcd9e34fa82dc923f6ecf2b6e1eead58e08e5237e46dc394fa18agid4915dceac8d7bd5061f13ba81bf1232ca3ce00c39b072e059e7005d109ed66ef&tw=52a727156074891cd787a8b0eb16a74f70cac896e2efe3d22a1196bead16f9db'><\/script>\r\n                    <!-- Do not remove this --- Analytics Tracking code ends. -->\r\n                <\/form>\r\n            <\/div>\r\n        <\/div>\r\n    <\/div>\r\n<\/div>\r\n\r\n<style>\r\n\r\n  \r\n    .form-header {\r\n        color: #1d114f;\r\n        padding: 25px 30px;\r\n        text-align: center;\r\n    }\r\n  \r\n    .form-title {\r\n        font-size: 24px;\r\n        font-weight: 600;\r\n        margin: 0;\r\n    }\r\n  \r\n \r\n  \r\n    .zcwf_row {\r\n        margin-bottom: 20px !important;\r\n    }\r\n  \r\n    .zcwf_col_fld input,\r\n    .zcwf_col_fld select {\r\n        border-radius: 0 !important;\r\n        transition: border-color 0.2s;\r\n        border: 1px solid #ddd !important;\r\n    }\r\n  \r\n    .zcwf_col_fld input:focus,\r\n    .zcwf_col_fld select:focus {\r\n        outline: none;\r\n        border-color: #1d114f !important;\r\n    }\r\n  \r\n    .formsubmit {\r\n        transition: background 0.3s !important;\r\n        border-radius: 6px !important;\r\n    }\r\n  \r\n    .formsubmit:hover:not(:disabled) {\r\n        background: #2a1a5f !important;\r\n    }\r\n  \r\n    .formsubmit:disabled {\r\n        background: #6c757d !important;\r\n        cursor: not-allowed !important;\r\n    }\r\n  \r\n    @media (max-width: 480px) {\r\n        .download-form-container {\r\n            margin: 20px auto;\r\n            padding: 10px;\r\n        }\r\n      \r\n        .form-header {\r\n            padding: 20px;\r\n        }\r\n      \r\n      \r\n    }\r\n<\/style>\t\t\t\t<\/div>\n\t\t\t\t\t<\/div>\n\t\t<\/div>\n\t\t\t\t\t<\/div>\n\t\t<\/section>\n\t\t\t\t<\/div>\n\t\t","protected":false},"excerpt":{"rendered":"<p>Aumente la eficiencia de la producci\u00f3n con an\u00e1lisis y notificaciones en tiempo real \u00bfPor qu\u00e9 descargar este folleto? Ahorra Dinero en Tiempos de Inactividad de Producci\u00f3n: La ausencia de notificaciones puede generar p\u00e9rdidas de miles de d\u00f3lares debido a fallos en las m\u00e1quinas o falta de inventario. Este m\u00f3dulo te garantiza recibir alertas cr\u00edticas sobre [&hellip;]<\/p>\n","protected":false},"author":2,"featured_media":13708,"parent":10310,"menu_order":0,"comment_status":"closed","ping_status":"closed","template":"elementor_header_footer","meta":{"_acf_changed":false,"footnotes":""},"class_list":["post-13681","page","type-page","status-publish","has-post-thumbnail","hentry"],"acf":[],"yoast_head":"<!-- This site is optimized with the Yoast SEO plugin v27.0 - https:\/\/yoast.com\/product\/yoast-seo-wordpress\/ -->\n<title>Descargar el folleto de notificaciones en tiempo real - Smart Factory MOM<\/title>\n<meta name=\"description\" content=\"Descubra c\u00f3mo Smart Factory MOM previene el tiempo de inactividad con alertas y an\u00e1lisis en tiempo real, optimizando la eficiencia de la producci\u00f3n. Descargue el folleto hoy.\" \/>\n<meta name=\"robots\" content=\"index, follow, max-snippet:-1, max-image-preview:large, max-video-preview:-1\" \/>\n<link rel=\"canonical\" href=\"https:\/\/www.smartfactorymom.com\/es\/folletos\/modulo-de-notificaciones\/\" \/>\n<meta property=\"og:locale\" content=\"es_ES\" \/>\n<meta property=\"og:type\" content=\"article\" \/>\n<meta property=\"og:title\" content=\"Descargar el folleto de notificaciones en tiempo real - Smart Factory MOM\" \/>\n<meta property=\"og:description\" content=\"Descubra c\u00f3mo Smart Factory MOM previene el tiempo de inactividad con alertas y an\u00e1lisis en tiempo real, optimizando la eficiencia de la producci\u00f3n. Descargue el folleto hoy.\" \/>\n<meta property=\"og:url\" content=\"https:\/\/www.smartfactorymom.com\/es\/folletos\/modulo-de-notificaciones\/\" \/>\n<meta property=\"og:site_name\" content=\"Smart Factory ES\" \/>\n<meta property=\"article:modified_time\" content=\"2025-10-27T11:11:54+00:00\" \/>\n<meta property=\"og:image\" content=\"https:\/\/www.smartfactorymom.com\/es\/wp-content\/uploads\/sites\/10\/2025\/10\/Notification-and-Analytics.png\" \/>\n\t<meta property=\"og:image:width\" content=\"766\" \/>\n\t<meta property=\"og:image:height\" content=\"558\" \/>\n\t<meta property=\"og:image:type\" content=\"image\/png\" \/>\n<meta name=\"twitter:card\" content=\"summary_large_image\" \/>\n<meta name=\"twitter:label1\" content=\"Est. reading time\" \/>\n\t<meta name=\"twitter:data1\" content=\"1 minute\" \/>\n<!-- \/ Yoast SEO plugin. -->","yoast_head_json":{"title":"Descargar el folleto de notificaciones en tiempo real - Smart Factory MOM","description":"Descubra c\u00f3mo Smart Factory MOM previene el tiempo de inactividad con alertas y an\u00e1lisis en tiempo real, optimizando la eficiencia de la producci\u00f3n. Descargue el folleto hoy.","robots":{"index":"index","follow":"follow","max-snippet":"max-snippet:-1","max-image-preview":"max-image-preview:large","max-video-preview":"max-video-preview:-1"},"canonical":"https:\/\/www.smartfactorymom.com\/es\/folletos\/modulo-de-notificaciones\/","og_locale":"es_ES","og_type":"article","og_title":"Descargar el folleto de notificaciones en tiempo real - Smart Factory MOM","og_description":"Descubra c\u00f3mo Smart Factory MOM previene el tiempo de inactividad con alertas y an\u00e1lisis en tiempo real, optimizando la eficiencia de la producci\u00f3n. Descargue el folleto hoy.","og_url":"https:\/\/www.smartfactorymom.com\/es\/folletos\/modulo-de-notificaciones\/","og_site_name":"Smart Factory ES","article_modified_time":"2025-10-27T11:11:54+00:00","og_image":[{"width":766,"height":558,"url":"https:\/\/www.smartfactorymom.com\/es\/wp-content\/uploads\/sites\/10\/2025\/10\/Notification-and-Analytics.png","type":"image\/png"}],"twitter_card":"summary_large_image","twitter_misc":{"Est. reading time":"1 minute"},"schema":{"@context":"https:\/\/schema.org","@graph":[{"@type":"WebPage","@id":"https:\/\/www.smartfactorymom.com\/es\/folletos\/modulo-de-notificaciones\/","url":"https:\/\/www.smartfactorymom.com\/es\/folletos\/modulo-de-notificaciones\/","name":"Descargar el folleto de notificaciones en tiempo real - Smart Factory MOM","isPartOf":{"@id":"https:\/\/www.smartfactorymom.com\/es\/#website"},"primaryImageOfPage":{"@id":"https:\/\/www.smartfactorymom.com\/es\/folletos\/modulo-de-notificaciones\/#primaryimage"},"image":{"@id":"https:\/\/www.smartfactorymom.com\/es\/folletos\/modulo-de-notificaciones\/#primaryimage"},"thumbnailUrl":"https:\/\/www.smartfactorymom.com\/es\/wp-content\/uploads\/sites\/10\/2025\/10\/Notification-and-Analytics.png","datePublished":"2025-10-24T04:32:40+00:00","dateModified":"2025-10-27T11:11:54+00:00","description":"Descubra c\u00f3mo Smart Factory MOM previene el tiempo de inactividad con alertas y an\u00e1lisis en tiempo real, optimizando la eficiencia de la producci\u00f3n. Descargue el folleto hoy.","breadcrumb":{"@id":"https:\/\/www.smartfactorymom.com\/es\/folletos\/modulo-de-notificaciones\/#breadcrumb"},"inLanguage":"es","potentialAction":[{"@type":"ReadAction","target":["https:\/\/www.smartfactorymom.com\/es\/folletos\/modulo-de-notificaciones\/"]}]},{"@type":"ImageObject","inLanguage":"es","@id":"https:\/\/www.smartfactorymom.com\/es\/folletos\/modulo-de-notificaciones\/#primaryimage","url":"https:\/\/www.smartfactorymom.com\/es\/wp-content\/uploads\/sites\/10\/2025\/10\/Notification-and-Analytics.png","contentUrl":"https:\/\/www.smartfactorymom.com\/es\/wp-content\/uploads\/sites\/10\/2025\/10\/Notification-and-Analytics.png","width":766,"height":558,"caption":"Notification and Analytics"},{"@type":"BreadcrumbList","@id":"https:\/\/www.smartfactorymom.com\/es\/folletos\/modulo-de-notificaciones\/#breadcrumb","itemListElement":[{"@type":"ListItem","position":1,"name":"Home","item":"https:\/\/www.smartfactorymom.com\/es\/"},{"@type":"ListItem","position":2,"name":"Brochures","item":"https:\/\/www.smartfactorymom.com\/es\/folletos\/"},{"@type":"ListItem","position":3,"name":"Notifications and Analytics"}]},{"@type":"WebSite","@id":"https:\/\/www.smartfactorymom.com\/es\/#website","url":"https:\/\/www.smartfactorymom.com\/es\/","name":"Smart Factory ES","description":"soluciones que transforman","potentialAction":[{"@type":"SearchAction","target":{"@type":"EntryPoint","urlTemplate":"https:\/\/www.smartfactorymom.com\/es\/?s={search_term_string}"},"query-input":{"@type":"PropertyValueSpecification","valueRequired":true,"valueName":"search_term_string"}}],"inLanguage":"es"}]}},"_links":{"self":[{"href":"https:\/\/www.smartfactorymom.com\/es\/wp-json\/wp\/v2\/pages\/13681","targetHints":{"allow":["GET"]}}],"collection":[{"href":"https:\/\/www.smartfactorymom.com\/es\/wp-json\/wp\/v2\/pages"}],"about":[{"href":"https:\/\/www.smartfactorymom.com\/es\/wp-json\/wp\/v2\/types\/page"}],"author":[{"embeddable":true,"href":"https:\/\/www.smartfactorymom.com\/es\/wp-json\/wp\/v2\/users\/2"}],"replies":[{"embeddable":true,"href":"https:\/\/www.smartfactorymom.com\/es\/wp-json\/wp\/v2\/comments?post=13681"}],"version-history":[{"count":0,"href":"https:\/\/www.smartfactorymom.com\/es\/wp-json\/wp\/v2\/pages\/13681\/revisions"}],"up":[{"embeddable":true,"href":"https:\/\/www.smartfactorymom.com\/es\/wp-json\/wp\/v2\/pages\/10310"}],"wp:featuredmedia":[{"embeddable":true,"href":"https:\/\/www.smartfactorymom.com\/es\/wp-json\/wp\/v2\/media\/13708"}],"wp:attachment":[{"href":"https:\/\/www.smartfactorymom.com\/es\/wp-json\/wp\/v2\/media?parent=13681"}],"curies":[{"name":"wp","href":"https:\/\/api.w.org\/{rel}","templated":true}]}}