{"id":10466,"date":"2023-05-04T08:20:40","date_gmt":"2023-05-04T13:20:40","guid":{"rendered":"https:\/\/b69da323dcec8ec9ba89d924e413072cpt-new\/?page_id=10466"},"modified":"2025-02-26T05:48:22","modified_gmt":"2025-02-26T10:48:22","slug":"politica-de-privacidade","status":"publish","type":"page","link":"https:\/\/www.smartfactorymom.com\/pt\/politica-de-privacidade\/","title":{"rendered":"Privacy Policy"},"content":{"rendered":"\t\t<div data-elementor-type=\"wp-page\" data-elementor-id=\"10466\" class=\"elementor elementor-10466\" data-elementor-post-type=\"page\">\n\t\t\t\t\t\t<section class=\"elementor-section elementor-top-section elementor-element elementor-element-2103dd5 elementor-section-full_width elementor-section-height-default elementor-section-height-default\" data-id=\"2103dd5\" data-element_type=\"section\" data-e-type=\"section\">\n\t\t\t\t\t\t<div class=\"elementor-container elementor-column-gap-default\">\n\t\t\t\t\t<div class=\"elementor-column elementor-col-100 elementor-top-column elementor-element elementor-element-15a5b0e\" data-id=\"15a5b0e\" data-element_type=\"column\" data-e-type=\"column\">\n\t\t\t<div class=\"elementor-widget-wrap\">\n\t\t\t\t\t\t\t<\/div>\n\t\t<\/div>\n\t\t\t\t\t<\/div>\n\t\t<\/section>\n\t\t\t\t<section class=\"elementor-section elementor-top-section elementor-element elementor-element-a481ca2 elementor-section-boxed elementor-section-height-default elementor-section-height-default\" data-id=\"a481ca2\" data-element_type=\"section\" data-e-type=\"section\" data-settings=\"{&quot;background_background&quot;:&quot;classic&quot;}\">\n\t\t\t\t\t\t\t<div class=\"elementor-background-overlay\"><\/div>\n\t\t\t\t\t\t\t<div class=\"elementor-container elementor-column-gap-default\">\n\t\t\t\t\t<div class=\"elementor-column elementor-col-100 elementor-top-column elementor-element elementor-element-6ffeb5b\" data-id=\"6ffeb5b\" data-element_type=\"column\" data-e-type=\"column\">\n\t\t\t<div class=\"elementor-widget-wrap elementor-element-populated\">\n\t\t\t\t\t\t<div class=\"elementor-element elementor-element-b121d04 elementor-widget elementor-widget-heading\" data-id=\"b121d04\" data-element_type=\"widget\" data-e-type=\"widget\" data-widget_type=\"heading.default\">\n\t\t\t\t<div class=\"elementor-widget-container\">\n\t\t\t\t\t<h1 class=\"elementor-heading-title elementor-size-default\">Pol\u00edtica de Privacidade\n<\/h1>\t\t\t\t<\/div>\n\t\t\t\t<\/div>\n\t\t\t\t\t<\/div>\n\t\t<\/div>\n\t\t\t\t\t<\/div>\n\t\t<\/section>\n\t\t\t\t<section class=\"elementor-section elementor-top-section elementor-element elementor-element-867ff94 elementor-section-boxed elementor-section-height-default elementor-section-height-default\" data-id=\"867ff94\" data-element_type=\"section\" data-e-type=\"section\" data-settings=\"{&quot;background_background&quot;:&quot;classic&quot;}\">\n\t\t\t\t\t\t\t<div class=\"elementor-background-overlay\"><\/div>\n\t\t\t\t\t\t\t<div class=\"elementor-container elementor-column-gap-default\">\n\t\t\t\t\t<div class=\"elementor-column elementor-col-100 elementor-top-column elementor-element elementor-element-6dab2c6\" data-id=\"6dab2c6\" data-element_type=\"column\" data-e-type=\"column\">\n\t\t\t<div class=\"elementor-widget-wrap elementor-element-populated\">\n\t\t\t\t\t\t<section class=\"elementor-section elementor-inner-section elementor-element elementor-element-774d19a elementor-section-boxed elementor-section-height-default elementor-section-height-default\" data-id=\"774d19a\" data-element_type=\"section\" data-e-type=\"section\">\n\t\t\t\t\t\t<div class=\"elementor-container elementor-column-gap-default\">\n\t\t\t\t\t<div class=\"elementor-column elementor-col-100 elementor-inner-column elementor-element elementor-element-e027b59\" data-id=\"e027b59\" data-element_type=\"column\" data-e-type=\"column\">\n\t\t\t<div class=\"elementor-widget-wrap elementor-element-populated\">\n\t\t\t\t\t\t<div class=\"elementor-element elementor-element-9d48545 elementor-widget elementor-widget-text-editor\" data-id=\"9d48545\" data-element_type=\"widget\" data-e-type=\"widget\" data-widget_type=\"text-editor.default\">\n\t\t\t\t<div class=\"elementor-widget-container\">\n\t\t\t\t\t\t\t\t\tNa smartfactory, reconhecemos que a privacidade e a seguran\u00e7a dos seus dados pessoais s\u00e3o de extrema import\u00e2ncia. Nossa Pol\u00edtica de Privacidade explica como lidamos e protegemos seus dados pessoais quando voc\u00ea utiliza nosso site. Ao acessar e usar nosso site, voc\u00ea concorda com os termos desta Pol\u00edtica de Privacidade.\t\t\t\t\t\t\t\t<\/div>\n\t\t\t\t<\/div>\n\t\t\t\t<div class=\"elementor-element elementor-element-ed4b593 elementor-widget elementor-widget-text-editor\" data-id=\"ed4b593\" data-element_type=\"widget\" data-e-type=\"widget\" data-widget_type=\"text-editor.default\">\n\t\t\t\t<div class=\"elementor-widget-container\">\n\t\t\t\t\t\t\t\t\t<b>\u00c2mbito da Pol\u00edtica\n<\/b>\t\t\t\t\t\t\t\t<\/div>\n\t\t\t\t<\/div>\n\t\t\t\t<div class=\"elementor-element elementor-element-6b3c413 elementor-widget elementor-widget-text-editor\" data-id=\"6b3c413\" data-element_type=\"widget\" data-e-type=\"widget\" data-widget_type=\"text-editor.default\">\n\t\t\t\t<div class=\"elementor-widget-container\">\n\t\t\t\t\t\t\t\t\tEsta Pol\u00edtica de Privacidade se aplica \u00e0 coleta, uso e divulga\u00e7\u00e3o de dados pessoais que obtemos quando voc\u00ea utiliza nosso site. Isso inclui dados pessoais que coletamos diretamente de voc\u00ea, bem como dados pessoais que coletamos automaticamente por meio do uso de cookies e tecnologias de rastreamento semelhantes.\n\t\t\t\t\t\t\t\t<\/div>\n\t\t\t\t<\/div>\n\t\t\t\t<div class=\"elementor-element elementor-element-874b839 elementor-widget elementor-widget-text-editor\" data-id=\"874b839\" data-element_type=\"widget\" data-e-type=\"widget\" data-widget_type=\"text-editor.default\">\n\t\t\t\t<div class=\"elementor-widget-container\">\n\t\t\t\t\t\t\t\t\tEsta Pol\u00edtica de Privacidade se aplica apenas ao nosso site. Embora nosso site possa conter links para outros sites, n\u00e3o somos respons\u00e1veis pelas pr\u00e1ticas de privacidade desses sites. Recomendamos que voc\u00ea revise as pol\u00edticas de privacidade desses sites antes de fornecer qualquer informa\u00e7\u00e3o pessoal.\n\t\t\t\t\t\t\t\t<\/div>\n\t\t\t\t<\/div>\n\t\t\t\t<div class=\"elementor-element elementor-element-44c00cc elementor-widget elementor-widget-text-editor\" data-id=\"44c00cc\" data-element_type=\"widget\" data-e-type=\"widget\" data-widget_type=\"text-editor.default\">\n\t\t\t\t<div class=\"elementor-widget-container\">\n\t\t\t\t\t\t\t\t\t<b>Dados Pessoais Coletados \n<\/b>\t\t\t\t\t\t\t\t<\/div>\n\t\t\t\t<\/div>\n\t\t\t\t<div class=\"elementor-element elementor-element-7ac2f6e elementor-widget elementor-widget-text-editor\" data-id=\"7ac2f6e\" data-element_type=\"widget\" data-e-type=\"widget\" data-widget_type=\"text-editor.default\">\n\t\t\t\t<div class=\"elementor-widget-container\">\n\t\t\t\t\t\t\t\t\tColetamos v\u00e1rios tipos de dados pessoais de nossos usu\u00e1rios. Isso inclui informa\u00e7\u00f5es de contato, como seu nome, endere\u00e7o de e-mail e n\u00famero de telefone, informa\u00e7\u00f5es demogr\u00e1ficas, como idade, sexo e localiza\u00e7\u00e3o, credenciais de login, como nome de usu\u00e1rio e senha, informa\u00e7\u00f5es t\u00e9cnicas, como seu endere\u00e7o IP, tipo e vers\u00e3o do navegador e sistema operacional, informa\u00e7\u00f5es sobre o uso de nosso site, incluindo as p\u00e1ginas que voc\u00ea visita e a data e hora das visitas, e qualquer outra informa\u00e7\u00e3o que voc\u00ea nos forne\u00e7a voluntariamente. \n\t\t\t\t\t\t\t\t<\/div>\n\t\t\t\t<\/div>\n\t\t\t\t<div class=\"elementor-element elementor-element-74648d7 elementor-widget elementor-widget-text-editor\" data-id=\"74648d7\" data-element_type=\"widget\" data-e-type=\"widget\" data-widget_type=\"text-editor.default\">\n\t\t\t\t<div class=\"elementor-widget-container\">\n\t\t\t\t\t\t\t\t\t<b>Finalidade da Coleta de Dados Pessoais  <\/b>\t\t\t\t\t\t\t\t<\/div>\n\t\t\t\t<\/div>\n\t\t\t\t<div class=\"elementor-element elementor-element-d7ae026 elementor-widget elementor-widget-text-editor\" data-id=\"d7ae026\" data-element_type=\"widget\" data-e-type=\"widget\" data-widget_type=\"text-editor.default\">\n\t\t\t\t<div class=\"elementor-widget-container\">\n\t\t\t\t\t\t\t\t\tColetamos informa\u00e7\u00f5es pessoais por v\u00e1rias raz\u00f5es, incluindo fornecer os produtos e servi\u00e7os solicitados, comunicar-se com voc\u00ea sobre nossas ofertas, melhorar nosso site e produtos\/servi\u00e7os e cumprir a lei. Tamb\u00e9m podemos usar seus dados pessoais para outros fins compat\u00edveis.\n\t\t\t\t\t\t\t\t<\/div>\n\t\t\t\t<\/div>\n\t\t\t\t<div class=\"elementor-element elementor-element-9312aec elementor-widget elementor-widget-text-editor\" data-id=\"9312aec\" data-element_type=\"widget\" data-e-type=\"widget\" data-widget_type=\"text-editor.default\">\n\t\t\t\t<div class=\"elementor-widget-container\">\n\t\t\t\t\t\t\t\t\t<b>Divulga\u00e7\u00e3o de Dados Pessoais\n\n<\/b>\t\t\t\t\t\t\t\t<\/div>\n\t\t\t\t<\/div>\n\t\t\t\t<div class=\"elementor-element elementor-element-ccab684 elementor-widget elementor-widget-text-editor\" data-id=\"ccab684\" data-element_type=\"widget\" data-e-type=\"widget\" data-widget_type=\"text-editor.default\">\n\t\t\t\t<div class=\"elementor-widget-container\">\n\t\t\t\t\t\t\t\t\tPodemos divulgar seus dados pessoais a terceiros para v\u00e1rias finalidades. Primeiramente, podemos divulgar seus dados pessoais para fornecer os produtos e servi\u00e7os que voc\u00ea solicita. Em segundo lugar, podemos divulgar seus dados pessoais para cumprir nossas obriga\u00e7\u00f5es legais. Em terceiro lugar, podemos divulgar seus dados pessoais para proteger nossos direitos e propriedade. Por fim, podemos divulgar seus dados pessoais para prevenir fraudes e outras atividades ilegais.\n\t\t\t\t\t\t\t\t<\/div>\n\t\t\t\t<\/div>\n\t\t\t\t<div class=\"elementor-element elementor-element-c4c97ff elementor-widget elementor-widget-text-editor\" data-id=\"c4c97ff\" data-element_type=\"widget\" data-e-type=\"widget\" data-widget_type=\"text-editor.default\">\n\t\t\t\t<div class=\"elementor-widget-container\">\n\t\t\t\t\t\t\t\t\tTamb\u00e9m podemos usar seus dados pessoais para fins de marketing. Utilizaremos seus dados pessoais para fins de marketing apenas se voc\u00ea nos der seu consentimento para faz\u00ea-lo. Se voc\u00ea n\u00e3o deseja que utilizemos seus dados pessoais para fins de marketing, voc\u00ea pode cancelar a qualquer momento entrando em contato conosco pelo e-mail <a href=\"mailto:info@eworkplaceapps.com\">info@eworkplaceapps.com<\/a>.\t\t\t\t\t\t\t\t<\/div>\n\t\t\t\t<\/div>\n\t\t\t\t<div class=\"elementor-element elementor-element-22710d1 elementor-widget elementor-widget-text-editor\" data-id=\"22710d1\" data-element_type=\"widget\" data-e-type=\"widget\" data-widget_type=\"text-editor.default\">\n\t\t\t\t<div class=\"elementor-widget-container\">\n\t\t\t\t\t\t\t\t\t<b>Prote\u00e7\u00e3o de Dados Pessoais \n<\/b>\t\t\t\t\t\t\t\t<\/div>\n\t\t\t\t<\/div>\n\t\t\t\t<div class=\"elementor-element elementor-element-63d4375 elementor-widget elementor-widget-text-editor\" data-id=\"63d4375\" data-element_type=\"widget\" data-e-type=\"widget\" data-widget_type=\"text-editor.default\">\n\t\t\t\t<div class=\"elementor-widget-container\">\n\t\t\t\t\t\t\t\t\tLevamos a prote\u00e7\u00e3o dos seus dados pessoais a s\u00e9rio e implementamos medidas t\u00e9cnicas e organizacionais adequadas para proteg\u00ea-los contra processamento n\u00e3o autorizado ou ilegal, perda acidental, destrui\u00e7\u00e3o ou dano. Nossas medidas incluem limitar o acesso aos seus dados pessoais apenas aos funcion\u00e1rios, agentes, contratados e outros terceiros que necessitem de acesso para realizar suas atividades. Garantimos que eles estejam cientes da import\u00e2ncia de manter seus dados pessoais confidenciais e que estejam sujeitos a obriga\u00e7\u00f5es estritas de confidencialidade. Al\u00e9m disso, revisamos regularmente nossas medidas de seguran\u00e7a e as atualizamos sempre que necess\u00e1rio para garantir que seus dados pessoais permane\u00e7am protegidos.\n\t\t\t\t\t\t\t\t<\/div>\n\t\t\t\t<\/div>\n\t\t\t\t<div class=\"elementor-element elementor-element-ec3ca42 elementor-widget elementor-widget-text-editor\" data-id=\"ec3ca42\" data-element_type=\"widget\" data-e-type=\"widget\" data-widget_type=\"text-editor.default\">\n\t\t\t\t<div class=\"elementor-widget-container\">\n\t\t\t\t\t\t\t\t\t<b>Seus Direitos \n\n<\/b>\t\t\t\t\t\t\t\t<\/div>\n\t\t\t\t<\/div>\n\t\t\t\t<div class=\"elementor-element elementor-element-246281d elementor-widget elementor-widget-text-editor\" data-id=\"246281d\" data-element_type=\"widget\" data-e-type=\"widget\" data-widget_type=\"text-editor.default\">\n\t\t\t\t<div class=\"elementor-widget-container\">\n\t\t\t\t\t\t\t\t\tRespeitamos seus direitos e oferecemos a oportunidade de acessar e controlar seus dados pessoais. Voc\u00ea tem o direito de solicitar acesso aos seus dados pessoais, bem como o direito de corrigir ou excluir quaisquer dados imprecisos ou incompletos. Al\u00e9m disso, voc\u00ea tem o direito de se opor ao processamento de seus dados pessoais ou de restringir seu uso.\n\t\t\t\t\t\t\t\t<\/div>\n\t\t\t\t<\/div>\n\t\t\t\t<div class=\"elementor-element elementor-element-3fe21bc elementor-widget elementor-widget-text-editor\" data-id=\"3fe21bc\" data-element_type=\"widget\" data-e-type=\"widget\" data-widget_type=\"text-editor.default\">\n\t\t\t\t<div class=\"elementor-widget-container\">\n\t\t\t\t\t\t\t\t\tSe desejar exercer qualquer um desses direitos, entre em contato conosco pelo e-mail <a href=\"mailto: info@eworkplaceapps.com\">info@eworkplaceapps.com<\/a>. Responderemos \u00e0 sua solicita\u00e7\u00e3o dentro de um prazo razo\u00e1vel e de acordo com a legisla\u00e7\u00e3o aplic\u00e1vel. Voc\u00ea tem o direito de receber uma c\u00f3pia dos seus dados pessoais em um formato estruturado, de uso comum e leg\u00edvel por m\u00e1quina.\t\t\t\t\t\t\t\t<\/div>\n\t\t\t\t<\/div>\n\t\t\t\t<div class=\"elementor-element elementor-element-6a1cade elementor-widget elementor-widget-text-editor\" data-id=\"6a1cade\" data-element_type=\"widget\" data-e-type=\"widget\" data-widget_type=\"text-editor.default\">\n\t\t\t\t<div class=\"elementor-widget-container\">\n\t\t\t\t\t\t\t\t\t<b>Altera\u00e7\u00f5es a esta Pol\u00edtica de Privacidade \n\n<\/b>\t\t\t\t\t\t\t\t<\/div>\n\t\t\t\t<\/div>\n\t\t\t\t<div class=\"elementor-element elementor-element-30f7637 elementor-widget elementor-widget-text-editor\" data-id=\"30f7637\" data-element_type=\"widget\" data-e-type=\"widget\" data-widget_type=\"text-editor.default\">\n\t\t\t\t<div class=\"elementor-widget-container\">\n\t\t\t\t\t\t\t\t\tPodemos atualizar esta Pol\u00edtica de Privacidade periodicamente e nos reservamos o direito de fazer altera\u00e7\u00f5es sem aviso pr\u00e9vio. Se fizermos altera\u00e7\u00f5es significativas a esta Pol\u00edtica de Privacidade, notificaremos voc\u00ea por meio de um aviso em nosso site ou enviando um e-mail. Recomendamos que voc\u00ea revise periodicamente esta Pol\u00edtica de Privacidade para se manter informado sobre como coletamos, usamos e protegemos seus dados pessoais.\n\t\t\t\t\t\t\t\t<\/div>\n\t\t\t\t<\/div>\n\t\t\t\t\t<\/div>\n\t\t<\/div>\n\t\t\t\t\t<\/div>\n\t\t<\/section>\n\t\t\t\t\t<\/div>\n\t\t<\/div>\n\t\t\t\t\t<\/div>\n\t\t<\/section>\n\t\t\t\t<\/div>\n\t\t","protected":false},"excerpt":{"rendered":"<p>Pol\u00edtica de Privacidade Na smartfactory, reconhecemos que a privacidade e a seguran\u00e7a dos seus dados pessoais s\u00e3o de extrema import\u00e2ncia. Nossa Pol\u00edtica de Privacidade explica como lidamos e protegemos seus dados pessoais quando voc\u00ea utiliza nosso site. Ao acessar e usar nosso site, voc\u00ea concorda com os termos desta Pol\u00edtica de Privacidade.\u00c2mbito da Pol\u00edtica Esta [&hellip;]<\/p>\n","protected":false},"author":7,"featured_media":0,"parent":0,"menu_order":0,"comment_status":"closed","ping_status":"closed","template":"elementor_header_footer","meta":{"_acf_changed":false,"footnotes":""},"class_list":["post-10466","page","type-page","status-publish","hentry"],"acf":[],"yoast_head":"<!-- This site is optimized with the Yoast SEO plugin v27.0 - https:\/\/yoast.com\/product\/yoast-seo-wordpress\/ -->\n<title>Pol\u00edtica de Privacidade - Smart Factory MOM<\/title>\n<meta name=\"description\" content=\"Conhe\u00e7a nossa pol\u00edtica de privacidade para Smart Factory MOM. Garantimos a prote\u00e7\u00e3o dos seus dados e explicamos como utilizamos as informa\u00e7\u00f5es coletadas em nosso site.\" \/>\n<meta name=\"robots\" content=\"index, follow, max-snippet:-1, max-image-preview:large, max-video-preview:-1\" \/>\n<link rel=\"canonical\" href=\"https:\/\/www.smartfactorymom.com\/pt\/politica-de-privacidade\/\" \/>\n<meta property=\"og:locale\" content=\"pt_PT\" \/>\n<meta property=\"og:type\" content=\"article\" \/>\n<meta property=\"og:title\" content=\"Pol\u00edtica de Privacidade - Smart Factory MOM\" \/>\n<meta property=\"og:description\" content=\"Conhe\u00e7a nossa pol\u00edtica de privacidade para Smart Factory MOM. Garantimos a prote\u00e7\u00e3o dos seus dados e explicamos como utilizamos as informa\u00e7\u00f5es coletadas em nosso site.\" \/>\n<meta property=\"og:url\" content=\"https:\/\/www.smartfactorymom.com\/pt\/politica-de-privacidade\/\" \/>\n<meta property=\"og:site_name\" content=\"Smart Factory PT\" \/>\n<meta property=\"article:modified_time\" content=\"2025-02-26T10:48:22+00:00\" \/>\n<meta name=\"twitter:card\" content=\"summary_large_image\" \/>\n<meta name=\"twitter:label1\" content=\"Est. reading time\" \/>\n\t<meta name=\"twitter:data1\" content=\"4 minutes\" \/>\n<!-- \/ Yoast SEO plugin. -->","yoast_head_json":{"title":"Pol\u00edtica de Privacidade - Smart Factory MOM","description":"Conhe\u00e7a nossa pol\u00edtica de privacidade para Smart Factory MOM. Garantimos a prote\u00e7\u00e3o dos seus dados e explicamos como utilizamos as informa\u00e7\u00f5es coletadas em nosso site.","robots":{"index":"index","follow":"follow","max-snippet":"max-snippet:-1","max-image-preview":"max-image-preview:large","max-video-preview":"max-video-preview:-1"},"canonical":"https:\/\/www.smartfactorymom.com\/pt\/politica-de-privacidade\/","og_locale":"pt_PT","og_type":"article","og_title":"Pol\u00edtica de Privacidade - Smart Factory MOM","og_description":"Conhe\u00e7a nossa pol\u00edtica de privacidade para Smart Factory MOM. Garantimos a prote\u00e7\u00e3o dos seus dados e explicamos como utilizamos as informa\u00e7\u00f5es coletadas em nosso site.","og_url":"https:\/\/www.smartfactorymom.com\/pt\/politica-de-privacidade\/","og_site_name":"Smart Factory PT","article_modified_time":"2025-02-26T10:48:22+00:00","twitter_card":"summary_large_image","twitter_misc":{"Est. reading time":"4 minutes"},"schema":{"@context":"https:\/\/schema.org","@graph":[{"@type":"WebPage","@id":"https:\/\/www.smartfactorymom.com\/pt\/politica-de-privacidade\/","url":"https:\/\/www.smartfactorymom.com\/pt\/politica-de-privacidade\/","name":"Pol\u00edtica de Privacidade - Smart Factory MOM","isPartOf":{"@id":"https:\/\/www.smartfactorymom.com\/pt\/#website"},"datePublished":"2023-05-04T13:20:40+00:00","dateModified":"2025-02-26T10:48:22+00:00","description":"Conhe\u00e7a nossa pol\u00edtica de privacidade para Smart Factory MOM. Garantimos a prote\u00e7\u00e3o dos seus dados e explicamos como utilizamos as informa\u00e7\u00f5es coletadas em nosso site.","breadcrumb":{"@id":"https:\/\/www.smartfactorymom.com\/pt\/politica-de-privacidade\/#breadcrumb"},"inLanguage":"pt","potentialAction":[{"@type":"ReadAction","target":["https:\/\/www.smartfactorymom.com\/pt\/politica-de-privacidade\/"]}]},{"@type":"BreadcrumbList","@id":"https:\/\/www.smartfactorymom.com\/pt\/politica-de-privacidade\/#breadcrumb","itemListElement":[{"@type":"ListItem","position":1,"name":"Home","item":"https:\/\/www.smartfactorymom.com\/pt\/"},{"@type":"ListItem","position":2,"name":"Privacy Policy"}]},{"@type":"WebSite","@id":"https:\/\/www.smartfactorymom.com\/pt\/#website","url":"https:\/\/www.smartfactorymom.com\/pt\/","name":"Smart Factory PT","description":"soluciones que transforman","potentialAction":[{"@type":"SearchAction","target":{"@type":"EntryPoint","urlTemplate":"https:\/\/www.smartfactorymom.com\/pt\/?s={search_term_string}"},"query-input":{"@type":"PropertyValueSpecification","valueRequired":true,"valueName":"search_term_string"}}],"inLanguage":"pt"}]}},"featured_image_src":null,"featured_image_src_square":null,"_links":{"self":[{"href":"https:\/\/www.smartfactorymom.com\/pt\/wp-json\/wp\/v2\/pages\/10466","targetHints":{"allow":["GET"]}}],"collection":[{"href":"https:\/\/www.smartfactorymom.com\/pt\/wp-json\/wp\/v2\/pages"}],"about":[{"href":"https:\/\/www.smartfactorymom.com\/pt\/wp-json\/wp\/v2\/types\/page"}],"author":[{"embeddable":true,"href":"https:\/\/www.smartfactorymom.com\/pt\/wp-json\/wp\/v2\/users\/7"}],"replies":[{"embeddable":true,"href":"https:\/\/www.smartfactorymom.com\/pt\/wp-json\/wp\/v2\/comments?post=10466"}],"version-history":[{"count":0,"href":"https:\/\/www.smartfactorymom.com\/pt\/wp-json\/wp\/v2\/pages\/10466\/revisions"}],"wp:attachment":[{"href":"https:\/\/www.smartfactorymom.com\/pt\/wp-json\/wp\/v2\/media?parent=10466"}],"curies":[{"name":"wp","href":"https:\/\/api.w.org\/{rel}","templated":true}]}}